{"id":17,"date":"2025-10-19T16:41:18","date_gmt":"2025-10-19T16:41:18","guid":{"rendered":"https:\/\/demo.ilouutiset.fi\/?page_id=17"},"modified":"2026-01-12T07:33:04","modified_gmt":"2026-01-12T07:33:04","slug":"etusivu","status":"publish","type":"page","link":"https:\/\/demo.ilouutiset.fi\/","title":{"rendered":"Etusivu"},"content":{"rendered":"\n<div class=\"wp-block-cover alignfull\" style=\"min-height:800px;aspect-ratio:unset;\"><img decoding=\"async\" class=\"wp-block-cover__image-background\" alt=\"\" src=\"https:\/\/demo.ilouutiset.fi\/wp-content\/themes\/neve\/assets\/img\/starter-content\/neve-hero-2.png\" style=\"object-position:67% 65%\" data-object-fit=\"cover\" data-object-position=\"67% 65%\"\/><span aria-hidden=\"true\" class=\"wp-block-cover__background has-background-dim-0 has-background-dim\"><\/span><div class=\"wp-block-cover__inner-container is-layout-flow wp-block-cover-is-layout-flow\">\n<div class=\"wp-block-columns are-vertically-aligned-center is-layout-flex wp-container-core-columns-is-layout-9d6595d7 wp-block-columns-is-layout-flex\">\n<div class=\"wp-block-column is-vertically-aligned-center is-layout-flow wp-block-column-is-layout-flow\" style=\"padding-right:var(--wp--preset--spacing--20);padding-left:var(--wp--preset--spacing--20);flex-basis:65%\">\n<div style=\"height:0px\" aria-hidden=\"true\" class=\"wp-block-spacer\"><\/div>\n\n\n\n<h1 class=\"wp-block-heading has-text-align-left has-nv-text-dark-bg-color has-text-color\">Ilouutiset<\/h1>\n\n\n\n<p class=\"has-text-align-left has-nv-text-dark-bg-color has-text-color\" style=\"font-size:17px\">Ilouutiset on kristillinen sivusto, joka tuo toivoa, iloa ja merkityst\u00e4 arkeen. Me uskomme siihen, ett\u00e4 jokainen ihminen tarvitsee hyvi\u00e4 uutisia \u2013 sanoman, joka rohkaisee ja muistuttaa, ett\u00e4 Jumalan sana on kest\u00e4v\u00e4 ja lupaa tulevaisuuden ja toivon. Jeesus on tie ja totuus ja el\u00e4m\u00e4.<\/p>\n\n\n\n<p class=\"has-text-align-left has-nv-text-dark-bg-color has-text-color\" style=\"font-size:17px\">Sivuston sis\u00e4ll\u00f6ll\u00e4 on merkityst\u00e4 arkeen ja ikuisuuteen.<\/p>\n\n\n\n<p class=\"has-text-align-left has-nv-text-dark-bg-color has-text-color\" style=\"font-size:17px\">Sivuilla on tuottamaamme sis\u00e4lt\u00f6\u00e4 eri medioissa: lehdet, TV, radio ja Facebook. Pyrimme<br>tavoittamaan suomalaisia arkiel\u00e4m\u00e4n keskell\u00e4. Tavoite on k\u00e4sitell\u00e4 el\u00e4m\u00e4n<br>perimm\u00e4isi\u00e4kin kysymyksi\u00e4 selkokielisesti ja v\u00e4ltt\u00e4\u00e4 uskonnollista fraseologiaa.<\/p>\n<\/div>\n\n\n\n<div class=\"wp-block-column is-vertically-aligned-center is-layout-flow wp-block-column-is-layout-flow\">\n<figure class=\"wp-block-image size-full has-custom-border is-style-default wp-duotone-unset-1\"><img loading=\"lazy\" decoding=\"async\" width=\"1626\" height=\"1177\" src=\"https:\/\/demo.ilouutiset.fi\/wp-content\/uploads\/2026\/01\/eija-riitta-ja-hannu.png\" alt=\"\" class=\"wp-image-360\" style=\"border-style:none;border-width:0px;border-radius:0px\" srcset=\"https:\/\/demo.ilouutiset.fi\/wp-content\/uploads\/2026\/01\/eija-riitta-ja-hannu.png 1626w, https:\/\/demo.ilouutiset.fi\/wp-content\/uploads\/2026\/01\/eija-riitta-ja-hannu-300x217.png 300w, https:\/\/demo.ilouutiset.fi\/wp-content\/uploads\/2026\/01\/eija-riitta-ja-hannu-1024x741.png 1024w, https:\/\/demo.ilouutiset.fi\/wp-content\/uploads\/2026\/01\/eija-riitta-ja-hannu-768x556.png 768w, https:\/\/demo.ilouutiset.fi\/wp-content\/uploads\/2026\/01\/eija-riitta-ja-hannu-1536x1112.png 1536w\" sizes=\"auto, (max-width: 1626px) 100vw, 1626px\" \/><\/figure>\n<\/div>\n<\/div>\n<\/div><\/div>\n\n\n\n<div style=\"height:39px\" aria-hidden=\"true\" class=\"wp-block-spacer\"><\/div>\n\n\n\n<div class=\"wp-block-columns is-layout-flex wp-container-core-columns-is-layout-9d6595d7 wp-block-columns-is-layout-flex\">\n<div class=\"wp-block-column neve-duotone is-layout-flow wp-block-column-is-layout-flow\" style=\"padding-right:var(--wp--preset--spacing--30);padding-left:var(--wp--preset--spacing--30)\"><div class=\"wp-block-image icon-style is-style-default wp-duotone-unset-2\">\n<figure class=\"aligncenter size-full has-custom-border\"><a href=\"https:\/\/demo.ilouutiset.fi\/index.php\/lehdet\/\" target=\"_blank\" rel=\" noreferrer noopener\"><img loading=\"lazy\" decoding=\"async\" width=\"1024\" height=\"1024\" src=\"https:\/\/demo.ilouutiset.fi\/wp-content\/uploads\/2025\/10\/ilouutiset-lehti.png\" alt=\"\" class=\"wp-image-51\" style=\"border-radius:0px\" title=\"\" srcset=\"https:\/\/demo.ilouutiset.fi\/wp-content\/uploads\/2025\/10\/ilouutiset-lehti.png 1024w, https:\/\/demo.ilouutiset.fi\/wp-content\/uploads\/2025\/10\/ilouutiset-lehti-300x300.png 300w, https:\/\/demo.ilouutiset.fi\/wp-content\/uploads\/2025\/10\/ilouutiset-lehti-150x150.png 150w\" sizes=\"auto, (max-width: 1024px) 100vw, 1024px\" \/><\/a><\/figure>\n<\/div>\n\n\n<div style=\"height:16px\" aria-hidden=\"true\" class=\"wp-block-spacer\"><\/div>\n\n\n\n<h3 class=\"wp-block-heading has-text-align-center has-neve-text-color-color has-text-color\">Lehti<\/h3>\n\n\n\n<p class=\"has-text-align-center\">Sivuilla on haastatteluja mielenkiintoisista henkil\u00f6ist\u00e4, joiden el\u00e4m\u00e4nkokemus kannustaa lukijoita etsim\u00e4\u00e4n merkityst\u00e4 arkeen ja ikuisuuteen<\/p>\n\n\n\n<p class=\"has-text-align-center\"><\/p>\n\n\n\n<div style=\"height:20px\" aria-hidden=\"true\" class=\"wp-block-spacer\"><\/div>\n<\/div>\n\n\n\n<div class=\"wp-block-column is-layout-flow wp-block-column-is-layout-flow\" style=\"padding-right:var(--wp--preset--spacing--30);padding-left:var(--wp--preset--spacing--30)\"><div class=\"wp-block-image icon-style is-style-default\">\n<figure class=\"aligncenter size-full has-custom-border\"><img loading=\"lazy\" decoding=\"async\" width=\"1024\" height=\"1024\" src=\"https:\/\/demo.ilouutiset.fi\/wp-content\/uploads\/2025\/10\/ilouutiset-tv.png\" alt=\"\" class=\"wp-image-54\" style=\"border-radius:0px\" title=\"\" srcset=\"https:\/\/demo.ilouutiset.fi\/wp-content\/uploads\/2025\/10\/ilouutiset-tv.png 1024w, https:\/\/demo.ilouutiset.fi\/wp-content\/uploads\/2025\/10\/ilouutiset-tv-300x300.png 300w, https:\/\/demo.ilouutiset.fi\/wp-content\/uploads\/2025\/10\/ilouutiset-tv-150x150.png 150w\" sizes=\"auto, (max-width: 1024px) 100vw, 1024px\" \/><\/figure>\n<\/div>\n\n\n<div style=\"height:16px\" aria-hidden=\"true\" class=\"wp-block-spacer\"><\/div>\n\n\n\n<h3 class=\"wp-block-heading has-text-align-center has-neve-text-color-color has-text-color\">TV7<\/h3>\n\n\n\n<p class=\"has-text-align-center\">ILOUUTISET-ohjelmasarja tuo katsojille keskustelua, jossa usko ja arki kohtaavat.<br>Suorista ANOVA SAA- esirukousohjelmista on tietoa www.tv7.fi\/arkki .<\/p>\n\n\n\n<p class=\"has-text-align-center\"><\/p>\n\n\n\n<div style=\"height:20px\" aria-hidden=\"true\" class=\"wp-block-spacer\"><\/div>\n<\/div>\n\n\n\n<div class=\"wp-block-column is-layout-flow wp-block-column-is-layout-flow\" style=\"padding-right:var(--wp--preset--spacing--30);padding-left:var(--wp--preset--spacing--30)\"><div class=\"wp-block-image icon-style is-style-default wp-duotone-unset-3\">\n<figure class=\"aligncenter size-full has-custom-border\"><a href=\"https:\/\/demo.ilouutiset.fi\/index.php\/aanitteet\/\"><img loading=\"lazy\" decoding=\"async\" width=\"1024\" height=\"1024\" src=\"https:\/\/demo.ilouutiset.fi\/wp-content\/uploads\/2025\/10\/ilouutiset-radio.png\" alt=\"\" class=\"wp-image-53\" style=\"border-radius:0px\" title=\"\" srcset=\"https:\/\/demo.ilouutiset.fi\/wp-content\/uploads\/2025\/10\/ilouutiset-radio.png 1024w, https:\/\/demo.ilouutiset.fi\/wp-content\/uploads\/2025\/10\/ilouutiset-radio-300x300.png 300w, https:\/\/demo.ilouutiset.fi\/wp-content\/uploads\/2025\/10\/ilouutiset-radio-150x150.png 150w\" sizes=\"auto, (max-width: 1024px) 100vw, 1024px\" \/><\/a><\/figure>\n<\/div>\n\n\n<div style=\"height:16px\" aria-hidden=\"true\" class=\"wp-block-spacer\"><\/div>\n\n\n\n<h3 class=\"wp-block-heading has-text-align-center has-neve-text-color-color has-text-color\">Radio<\/h3>\n\n\n\n<p class=\"has-text-align-center\">Lyhyit\u00e4 ( 10-30 minuutin ) kannustavia puheenvuoroja kuunneltavissa miss\u00e4 tahansa.<\/p>\n\n\n\n<div style=\"height:20px\" aria-hidden=\"true\" class=\"wp-block-spacer\"><\/div>\n<\/div>\n\n\n\n<div class=\"wp-block-column is-layout-flow wp-block-column-is-layout-flow\" style=\"padding-right:var(--wp--preset--spacing--30);padding-left:var(--wp--preset--spacing--30)\"><div class=\"wp-block-image icon-style is-style-default wp-duotone-unset-4\">\n<figure class=\"aligncenter size-full has-custom-border\"><a href=\"http:\/\/index.php\/category\/kirjoitukset\/\"><img loading=\"lazy\" decoding=\"async\" width=\"1024\" height=\"1024\" src=\"https:\/\/demo.ilouutiset.fi\/wp-content\/uploads\/2025\/10\/ilouutiset-kirjoitukset.png\" alt=\"\" class=\"wp-image-57\" style=\"border-radius:0px\" title=\"\" srcset=\"https:\/\/demo.ilouutiset.fi\/wp-content\/uploads\/2025\/10\/ilouutiset-kirjoitukset.png 1024w, https:\/\/demo.ilouutiset.fi\/wp-content\/uploads\/2025\/10\/ilouutiset-kirjoitukset-300x300.png 300w, https:\/\/demo.ilouutiset.fi\/wp-content\/uploads\/2025\/10\/ilouutiset-kirjoitukset-150x150.png 150w\" sizes=\"auto, (max-width: 1024px) 100vw, 1024px\" \/><\/a><\/figure>\n<\/div>\n\n\n<div style=\"height:16px\" aria-hidden=\"true\" class=\"wp-block-spacer\"><\/div>\n\n\n\n<h3 class=\"wp-block-heading has-text-align-center has-neve-text-color-color has-text-color\">Maakuntalehdet<\/h3>\n\n\n\n<p class=\"has-text-align-center\">Luojan suuruutta ja viisautta kunnioittavia n\u00e4k\u00f6kulmia henkil\u00f6kohtaiseen ja<br>yhteiskunnalliseen el\u00e4m\u00e4\u00e4n. N\u00e4it\u00e4 on julkaistu eri maakuntalehdiss\u00e4.<\/p>\n\n\n\n<p class=\"has-text-align-center\"><\/p>\n\n\n\n<div style=\"height:20px\" aria-hidden=\"true\" class=\"wp-block-spacer\"><\/div>\n<\/div>\n\n\n\n<div class=\"wp-block-column is-layout-flow wp-block-column-is-layout-flow\" style=\"padding-right:var(--wp--preset--spacing--30);padding-left:var(--wp--preset--spacing--30)\"><div class=\"wp-block-image icon-style is-style-default wp-duotone-unset-5\">\n<figure class=\"aligncenter size-full has-custom-border\"><img loading=\"lazy\" decoding=\"async\" width=\"1024\" height=\"1024\" src=\"https:\/\/demo.ilouutiset.fi\/wp-content\/uploads\/2025\/12\/paattajille.jpg\" alt=\"\" class=\"wp-image-322\" style=\"border-radius:0px\" title=\"\" srcset=\"https:\/\/demo.ilouutiset.fi\/wp-content\/uploads\/2025\/12\/paattajille.jpg 1024w, https:\/\/demo.ilouutiset.fi\/wp-content\/uploads\/2025\/12\/paattajille-300x300.jpg 300w, https:\/\/demo.ilouutiset.fi\/wp-content\/uploads\/2025\/12\/paattajille-150x150.jpg 150w, https:\/\/demo.ilouutiset.fi\/wp-content\/uploads\/2025\/12\/paattajille-768x768.jpg 768w\" sizes=\"auto, (max-width: 1024px) 100vw, 1024px\" \/><\/figure>\n<\/div>\n\n\n<div style=\"height:16px\" aria-hidden=\"true\" class=\"wp-block-spacer\"><\/div>\n\n\n\n<h3 class=\"wp-block-heading has-text-align-center has-neve-text-color-color has-text-color\">P\u00e4\u00e4tt\u00e4jille<\/h3>\n\n\n\n<p class=\"has-text-align-center\">Kirjeit\u00e4 ja puheenvuoroja yhteiskunnan p\u00e4\u00e4tt\u00e4jille kristillisest\u00e4 arvopohjasta k\u00e4sin.<br><\/p>\n\n\n\n<p class=\"has-text-align-center\"><\/p>\n\n\n\n<p class=\"has-text-align-center\"><\/p>\n\n\n\n<div style=\"height:20px\" aria-hidden=\"true\" class=\"wp-block-spacer\"><\/div>\n<\/div>\n<\/div>\n\n\n\n<div class=\"wp-block-cover alignfull piilota has-nv-text-dark-bg-color has-text-color has-link-color wp-elements-75e1541faf240611518d8e86bacec434\" style=\"min-height:420px;aspect-ratio:unset;\"><span aria-hidden=\"true\" class=\"wp-block-cover__background has-nv-dark-bg-background-color has-background-dim-100 has-background-dim\"><\/span><div class=\"wp-block-cover__inner-container is-layout-flow wp-block-cover-is-layout-flow\">\n<div style=\"height:80px\" aria-hidden=\"true\" class=\"wp-block-spacer\"><\/div>\n\n\n\n<div class=\"wp-block-columns is-layout-flex wp-container-core-columns-is-layout-9d6595d7 wp-block-columns-is-layout-flex\">\n<div class=\"wp-block-column ticss-4ce656f1 is-layout-flow wp-block-column-is-layout-flow\"><div class=\"wp-block-image is-style-rounded\">\n<figure class=\"aligncenter size-full is-resized\"><img decoding=\"async\" src=\"https:\/\/demo.ilouutiset.fi\/wp-content\/themes\/neve\/assets\/img\/starter-content\/neve-marketing-agency-04.png\" alt=\"\" style=\"width:80px;height:80px\"\/><\/figure>\n<\/div>\n\n\n<div style=\"height:24px\" aria-hidden=\"true\" class=\"wp-block-spacer\"><\/div>\n\n\n\n<p class=\"has-text-align-center has-nv-text-dark-bg-color has-text-color has-link-color wp-elements-648bcc8f8c6bd1ded8f1b4e680217d45\">\u201cWe saw a significant increase in website traffic and sales within just a few months. I recommend the marketing agency.\u201c<\/p>\n\n\n\n<p class=\"has-text-align-center has-nv-text-dark-bg-color has-text-color has-small-font-size\" style=\"text-transform:uppercase\"><strong>Janet Morris<\/strong><\/p>\n\n\n\n<div style=\"height:20px\" aria-hidden=\"true\" class=\"wp-block-spacer\"><\/div>\n<\/div>\n\n\n\n<div class=\"wp-block-column ticss-f6fc7494 is-layout-flow wp-block-column-is-layout-flow\"><div class=\"wp-block-image is-style-rounded\">\n<figure class=\"aligncenter size-full is-resized\"><img decoding=\"async\" src=\"https:\/\/demo.ilouutiset.fi\/wp-content\/themes\/neve\/assets\/img\/starter-content\/neve-marketing-agency-03.png\" alt=\"\" style=\"width:80px;height:80px\"\/><\/figure>\n<\/div>\n\n\n<div style=\"height:24px\" aria-hidden=\"true\" class=\"wp-block-spacer\"><\/div>\n\n\n\n<p class=\"has-text-align-center has-nv-text-dark-bg-color has-text-color\">\u201cThe agency completely transformed our strategy. They&#8217;re a true marketing partner, and we&#8217;re thrilled with the results.\u201d<\/p>\n\n\n\n<p class=\"has-text-align-center has-nv-text-dark-bg-color has-text-color has-small-font-size\" style=\"text-transform:uppercase\"><strong>Willie Brown<\/strong><\/p>\n\n\n\n<div style=\"height:20px\" aria-hidden=\"true\" class=\"wp-block-spacer\"><\/div>\n<\/div>\n\n\n\n<div class=\"wp-block-column ticss-a5b4df29 is-layout-flow wp-block-column-is-layout-flow\">\n<figure class=\"wp-block-gallery aligncenter has-nested-images columns-default is-cropped wp-block-gallery-6 is-layout-flex wp-block-gallery-is-layout-flex\"><div class=\"wp-block-image is-style-rounded\">\n<figure class=\"aligncenter size-full\"><img decoding=\"async\" src=\"https:\/\/demo.ilouutiset.fi\/wp-content\/themes\/neve\/assets\/img\/starter-content\/neve-marketing-agency-02.png\" alt=\"\"\/><\/figure>\n<\/div><\/figure>\n\n\n\n<div style=\"height:24px\" aria-hidden=\"true\" class=\"wp-block-spacer\"><\/div>\n\n\n\n<p class=\"has-text-align-center has-nv-text-dark-bg-color has-text-color\">\u201cTheir expertise and their data-driven approach allowed us to optimize our campaigns for maximum impact.\u201d<\/p>\n\n\n\n<p class=\"has-text-align-center has-nv-text-dark-bg-color has-text-color has-small-font-size\" style=\"text-transform:uppercase\"><strong>MARIA STEVENS<\/strong><\/p>\n\n\n\n<div style=\"height:20px\" aria-hidden=\"true\" class=\"wp-block-spacer\"><\/div>\n<\/div>\n<\/div>\n\n\n\n<div style=\"height:0px\" aria-hidden=\"true\" class=\"wp-block-spacer\"><\/div>\n<\/div><\/div>\n\n\n\n<div class=\"wp-block-cover alignfull piilota\" style=\"min-height:600px;aspect-ratio:unset;\"><span aria-hidden=\"true\" class=\"wp-block-cover__background has-nv-site-bg-background-color has-background-dim-100 has-background-dim\"><\/span><div class=\"wp-block-cover__inner-container is-layout-flow wp-block-cover-is-layout-flow\">\n<div class=\"wp-block-group\"><div class=\"wp-block-group__inner-container is-layout-flow wp-block-group-is-layout-flow\">\n<div style=\"height:80px\" aria-hidden=\"true\" class=\"wp-block-spacer\"><\/div>\n\n\n\n<div class=\"wp-block-columns are-vertically-aligned-center is-layout-flex wp-container-core-columns-is-layout-9d6595d7 wp-block-columns-is-layout-flex\">\n<div class=\"wp-block-column is-vertically-aligned-center is-layout-flow wp-block-column-is-layout-flow\" style=\"padding-right:var(--wp--preset--spacing--30);padding-left:var(--wp--preset--spacing--30);flex-basis:50%\">\n<figure class=\"wp-block-image size-full has-custom-border is-style-default\"><img decoding=\"async\" src=\"https:\/\/demo.ilouutiset.fi\/wp-content\/themes\/neve\/assets\/img\/starter-content\/neve-marketing-agency-12.png\" alt=\"\" style=\"border-radius:16px\"\/><\/figure>\n<\/div>\n\n\n\n<div class=\"wp-block-column is-vertically-aligned-center is-layout-flow wp-block-column-is-layout-flow\" style=\"padding-right:var(--wp--preset--spacing--30);padding-left:var(--wp--preset--spacing--30);flex-basis:50%\">\n<div style=\"height:20px\" aria-hidden=\"true\" class=\"wp-block-spacer\"><\/div>\n\n\n\n<h2 class=\"wp-block-heading has-text-align-left has-neve-text-color-color has-text-color\">Food Magazine Ad<\/h2>\n\n\n\n<p class=\"has-text-align-left has-neve-text-color-color has-text-color\" style=\"font-size:17px\">Lorem ipsum dolor sit amet, consectetur adipiscing elit. Ut elit tellus, luctus nec ullamcorper mattis, pulvinar dapibus. Fit authentic try-hard farm-to-table hammock hexagon aesthetic.<\/p>\n\n\n\n<div class=\"wp-block-buttons has-custom-font-size has-small-font-size is-content-justification-left is-layout-flex wp-container-core-buttons-is-layout-fdcfc74e wp-block-buttons-is-layout-flex\">\n<div class=\"wp-block-button is-style-default\"><a class=\"wp-block-button__link has-nv-text-dark-bg-color has-neve-link-color-background-color has-text-color has-background has-link-color has-custom-font-size wp-element-button\" href=\"#\" style=\"font-size:16px\">Learn more<\/a><\/div>\n<\/div>\n<\/div>\n<\/div>\n\n\n\n<div class=\"wp-block-columns are-vertically-aligned-center is-layout-flex wp-container-core-columns-is-layout-9d6595d7 wp-block-columns-is-layout-flex\">\n<div class=\"wp-block-column is-vertically-aligned-center is-layout-flow wp-block-column-is-layout-flow\" style=\"padding-right:var(--wp--preset--spacing--30);padding-left:var(--wp--preset--spacing--30);flex-basis:50%\">\n<div style=\"height:20px\" aria-hidden=\"true\" class=\"wp-block-spacer\"><\/div>\n\n\n\n<h2 class=\"wp-block-heading has-text-align-left has-neve-text-color-color has-text-color\">Influencer Marketing<\/h2>\n\n\n\n<p class=\"has-text-align-left has-neve-text-color-color has-text-color\" style=\"font-size:17px\">Lorem ipsum dolor sit amet, consectetur adipiscing elit. Ut elit tellus, luctus nec ullamcorper mattis, pulvinar dapibus. Fit authentic try-hard farm-to-table hammock hexagon aesthetic.<\/p>\n\n\n\n<div class=\"wp-block-buttons has-custom-font-size has-small-font-size is-content-justification-left is-layout-flex wp-container-core-buttons-is-layout-fdcfc74e wp-block-buttons-is-layout-flex\">\n<div class=\"wp-block-button is-style-default\"><a class=\"wp-block-button__link has-nv-text-dark-bg-color has-neve-link-color-background-color has-text-color has-background has-link-color has-custom-font-size wp-element-button\" href=\"#\" style=\"font-size:16px\">Learn more<\/a><\/div>\n<\/div>\n<\/div>\n\n\n\n<div class=\"wp-block-column is-vertically-aligned-center is-layout-flow wp-block-column-is-layout-flow\" style=\"padding-right:var(--wp--preset--spacing--30);padding-left:var(--wp--preset--spacing--30);flex-basis:50%\">\n<figure class=\"wp-block-image size-full has-custom-border is-style-default\"><img decoding=\"async\" src=\"https:\/\/demo.ilouutiset.fi\/wp-content\/themes\/neve\/assets\/img\/starter-content\/neve-marketing-agency-17.png\" alt=\"\" style=\"border-radius:16px\"\/><\/figure>\n<\/div>\n<\/div>\n\n\n\n<div style=\"height:40px\" aria-hidden=\"true\" class=\"wp-block-spacer\"><\/div>\n<\/div><\/div>\n<\/div><\/div>\n\n\n\n<div class=\"wp-block-cover alignfull\" style=\"min-height:300px;aspect-ratio:unset;\"><span aria-hidden=\"true\" class=\"wp-block-cover__background has-neve-link-color-background-color has-background-dim-100 has-background-dim\"><\/span><div class=\"wp-block-cover__inner-container is-layout-flow wp-block-cover-is-layout-flow\">\n<div style=\"height:140px\" aria-hidden=\"true\" class=\"wp-block-spacer\"><\/div>\n\n\n\n<div class=\"wp-block-columns is-layout-flex wp-container-core-columns-is-layout-9d6595d7 wp-block-columns-is-layout-flex\">\n<div class=\"wp-block-column is-layout-flow wp-block-column-is-layout-flow\" style=\"flex-basis:20%\"><\/div>\n\n\n\n<div class=\"wp-block-column is-layout-flow wp-block-column-is-layout-flow\" style=\"flex-basis:60%\">\n<div class=\"wp-block-group\"><div class=\"wp-block-group__inner-container is-layout-constrained wp-block-group-is-layout-constrained\">\n<h2 class=\"wp-block-heading has-text-align-center has-nv-text-dark-bg-color has-text-color\"><\/h2>\n<\/div><\/div>\n\n\n\n<p><\/p>\n\n\n\n<div class=\"wp-block-group\"><div class=\"wp-block-group__inner-container is-layout-constrained wp-block-group-is-layout-constrained\">\n<div class=\"wp-block-buttons is-horizontal is-content-justification-center is-layout-flex wp-container-core-buttons-is-layout-499968f5 wp-block-buttons-is-layout-flex\">\n<div class=\"wp-block-button is-style-primary\"><a class=\"wp-block-button__link has-neve-link-color-color has-text-color has-background has-link-color wp-element-button\" href=\"https:\/\/demo.ilouutiset.fi\/index.php\/contact\/\" style=\"background-color:#ffffff\">Ota yhteytt\u00e4<\/a><\/div>\n<\/div>\n<\/div><\/div>\n<\/div>\n\n\n\n<div class=\"wp-block-column is-layout-flow wp-block-column-is-layout-flow\" style=\"flex-basis:20%\"><\/div>\n<\/div>\n\n\n\n<div style=\"height:140px\" aria-hidden=\"true\" class=\"wp-block-spacer\"><\/div>\n<\/div><\/div>\n\n\n\n<p><\/p>\n","protected":false},"excerpt":{"rendered":"<p>Lehti Sivuilla on haastatteluja mielenkiintoisista henkil\u00f6ist\u00e4, joiden el\u00e4m\u00e4nkokemus kannustaa lukijoita etsim\u00e4\u00e4n merkityst\u00e4 arkeen ja ikuisuuteen TV7 ILOUUTISET-ohjelmasarja tuo katsojille keskustelua, jossa usko ja arki kohtaavat.Suorista ANOVA SAA- esirukousohjelmista on tietoa www.tv7.fi\/arkki . Radio Lyhyit\u00e4 ( 10-30 minuutin ) kannustavia puheenvuoroja kuunneltavissa miss\u00e4 tahansa. Maakuntalehdet Luojan suuruutta ja viisautta kunnioittavia n\u00e4k\u00f6kulmia henkil\u00f6kohtaiseen jayhteiskunnalliseen el\u00e4m\u00e4\u00e4n. N\u00e4it\u00e4 on&hellip;&nbsp;<a href=\"https:\/\/demo.ilouutiset.fi\/\" rel=\"bookmark\"><span class=\"screen-reader-text\">Etusivu<\/span><\/a><\/p>\n","protected":false},"author":1,"featured_media":0,"parent":0,"menu_order":0,"comment_status":"closed","ping_status":"closed","template":"","meta":{"neve_meta_sidebar":"","neve_meta_container":"","neve_meta_enable_content_width":"on","neve_meta_content_width":100,"neve_meta_title_alignment":"","neve_meta_author_avatar":"","neve_post_elements_order":"","neve_meta_disable_header":"","neve_meta_disable_footer":"","neve_meta_disable_title":"on","footnotes":""},"class_list":["post-17","page","type-page","status-publish","hentry"],"_links":{"self":[{"href":"https:\/\/demo.ilouutiset.fi\/index.php\/wp-json\/wp\/v2\/pages\/17","targetHints":{"allow":["GET"]}}],"collection":[{"href":"https:\/\/demo.ilouutiset.fi\/index.php\/wp-json\/wp\/v2\/pages"}],"about":[{"href":"https:\/\/demo.ilouutiset.fi\/index.php\/wp-json\/wp\/v2\/types\/page"}],"author":[{"embeddable":true,"href":"https:\/\/demo.ilouutiset.fi\/index.php\/wp-json\/wp\/v2\/users\/1"}],"replies":[{"embeddable":true,"href":"https:\/\/demo.ilouutiset.fi\/index.php\/wp-json\/wp\/v2\/comments?post=17"}],"version-history":[{"count":21,"href":"https:\/\/demo.ilouutiset.fi\/index.php\/wp-json\/wp\/v2\/pages\/17\/revisions"}],"predecessor-version":[{"id":361,"href":"https:\/\/demo.ilouutiset.fi\/index.php\/wp-json\/wp\/v2\/pages\/17\/revisions\/361"}],"wp:attachment":[{"href":"https:\/\/demo.ilouutiset.fi\/index.php\/wp-json\/wp\/v2\/media?parent=17"}],"curies":[{"name":"wp","href":"https:\/\/api.w.org\/{rel}","templated":true}]}}