{"id":162,"date":"2025-12-11T16:57:06","date_gmt":"2025-12-11T16:57:06","guid":{"rendered":"https:\/\/demo.ilouutiset.fi\/?page_id=162"},"modified":"2025-12-22T19:55:08","modified_gmt":"2025-12-22T19:55:08","slug":"aanitteet","status":"publish","type":"page","link":"https:\/\/demo.ilouutiset.fi\/index.php\/aanitteet\/","title":{"rendered":"Radio"},"content":{"rendered":"\n<div class=\"wp-block-cover is-light\"><span aria-hidden=\"true\" class=\"wp-block-cover__background has-background-dim\" style=\"background-color:#b98541\"><\/span><img loading=\"lazy\" decoding=\"async\" width=\"1536\" height=\"1024\" src=\"https:\/\/demo.ilouutiset.fi\/wp-content\/uploads\/2025\/12\/ChatGPT-Image-14.12.2025-klo-17.16.59.png\" class=\"wp-block-cover__image-background wp-post-image\" alt=\"\" data-object-fit=\"cover\" srcset=\"https:\/\/demo.ilouutiset.fi\/wp-content\/uploads\/2025\/12\/ChatGPT-Image-14.12.2025-klo-17.16.59.png 1536w, https:\/\/demo.ilouutiset.fi\/wp-content\/uploads\/2025\/12\/ChatGPT-Image-14.12.2025-klo-17.16.59-300x200.png 300w, https:\/\/demo.ilouutiset.fi\/wp-content\/uploads\/2025\/12\/ChatGPT-Image-14.12.2025-klo-17.16.59-1024x683.png 1024w, https:\/\/demo.ilouutiset.fi\/wp-content\/uploads\/2025\/12\/ChatGPT-Image-14.12.2025-klo-17.16.59-768x512.png 768w, https:\/\/demo.ilouutiset.fi\/wp-content\/uploads\/2025\/12\/ChatGPT-Image-14.12.2025-klo-17.16.59-930x620.png 930w\" sizes=\"auto, (max-width: 1536px) 100vw, 1536px\" \/><div class=\"wp-block-cover__inner-container is-layout-constrained wp-block-cover-is-layout-constrained\">\n<p class=\"has-text-align-center has-large-font-size\"><mark style=\"background-color:rgba(0, 0, 0, 0)\" class=\"has-inline-color has-neve-text-color-color\">\u00c4\u00e4nitteet<\/mark><\/p>\n<\/div><\/div>\n\n\n\n<figure class=\"wp-block-pullquote\"><blockquote><p>Lyhyit\u00e4, kannustavia puheenvuoroja kuunneltavissa miss\u00e4 tahansa. Kaikki tallenteet ovat suomenkielisi\u00e4 kristillisi\u00e4 opetuksia ja puheenvuoroja, jotka k\u00e4sittelev\u00e4t uskoa, hengellisyytt\u00e4 ja ajankohtaisia aiheita.<\/p><\/blockquote><\/figure>\n\n\n\n<div class=\"wp-block-columns is-layout-flex wp-container-core-columns-is-layout-9d6595d7 wp-block-columns-is-layout-flex\">\n<div class=\"wp-block-column is-layout-flow wp-block-column-is-layout-flow\">\n<h2 class=\"wp-block-heading\">Anteeksiantaminen<\/h2>\n\n\n\n<h3 class=\"wp-block-heading\">Kesto: 9:32<\/h3>\n\n\n\n<p>Anteeksiantaminen on yksi kristillisen uskon keskeisist\u00e4 teemoista. T\u00e4m\u00e4 opetus k\u00e4sittelee sek\u00e4 Jumalan meille antamaa anteeksiantoa ett\u00e4 sit\u00e4, miten meid\u00e4n tulee antaa anteeksi toisillemme. Syvenn\u00e4 ymm\u00e4rryst\u00e4si t\u00e4st\u00e4 vapauttavasta periaatteesta.<\/p>\n\n\n\n<figure class=\"wp-block-audio\"><audio controls src=\"https:\/\/demo.ilouutiset.fi\/wp-content\/uploads\/2025\/12\/anteeksiantaminen-1.aac\"><\/audio><\/figure>\n<\/div>\n\n\n\n<div class=\"wp-block-column is-layout-flow wp-block-column-is-layout-flow\">\n<h2 class=\"wp-block-heading\">Antaminen (9:21)<\/h2>\n\n\n\n<h3 class=\"wp-block-heading\">Kesto: 9:21<\/h3>\n\n\n\n<p>T\u00e4ss\u00e4 \u00e4\u00e4niteess\u00e4 k\u00e4sitell\u00e4\u00e4n kristillist\u00e4 antamisen periaatetta. Opetus avaa Raamatun n\u00e4kemyst\u00e4 anteliaisuudesta, lahjojen antamisesta ja siit\u00e4, miten avok\u00e4tisyys heijastaa Jumalan luonnetta. Kuuntele ja l\u00f6yd\u00e4 rohkaisua el\u00e4\u00e4 anteliaana ihmisen\u00e4.<\/p>\n\n\n\n<figure class=\"wp-block-audio\"><audio controls src=\"https:\/\/demo.ilouutiset.fi\/wp-content\/uploads\/2025\/12\/antaminen-1.aac\"><\/audio><\/figure>\n<\/div>\n<\/div>\n\n\n\n<div class=\"wp-block-columns is-layout-flex wp-container-core-columns-is-layout-9d6595d7 wp-block-columns-is-layout-flex\">\n<div class=\"wp-block-column is-layout-flow wp-block-column-is-layout-flow\">\n<h2 class=\"wp-block-heading\">Gaza haastaa suomalaisenkin<\/h2>\n\n\n\n<h3 class=\"wp-block-heading\">Kesto: 9:34<\/h3>\n\n\n\n<p>Ajankohtainen puheenvuoro, joka tarkastelee Gazan tilannetta kristillisest\u00e4 ja eettisest\u00e4 n\u00e4k\u00f6kulmasta. Miten L\u00e4hi-id\u00e4n tapahtumat koskettavat my\u00f6s meit\u00e4 suomalaisia? T\u00e4m\u00e4 tallenne tarjoaa pohdittavaa ja haastaa meit\u00e4 ottamaan kantaa.<\/p>\n\n\n\n<figure class=\"wp-block-audio\"><audio controls src=\"https:\/\/demo.ilouutiset.fi\/wp-content\/uploads\/2025\/12\/gaza-haastaa-suomalaisenkin-1.aac\"><\/audio><\/figure>\n<\/div>\n\n\n\n<div class=\"wp-block-column is-layout-flow wp-block-column-is-layout-flow\">\n<h2 class=\"wp-block-heading\">Henki, sielu ja ruumis<\/h2>\n\n\n\n<h3 class=\"wp-block-heading\">Kesto: 12:48<\/h3>\n\n\n\n<p>Syv\u00e4llinen teologinen opetus ihmisen kolmiosaisesta luonteesta. Mik\u00e4 on hengen, sielun ja ruumiin ero? Miten n\u00e4m\u00e4 liittyv\u00e4t toisiinsa? T\u00e4m\u00e4 laaja tallenne avaa kristillist\u00e4 ihmisk\u00e4sityst\u00e4 ja auttaa ymm\u00e4rt\u00e4m\u00e4\u00e4n, mit\u00e4 tarkoittaa olla kokonaisvaltaisesti ihminen.<\/p>\n\n\n\n<figure class=\"wp-block-audio\"><audio controls src=\"https:\/\/demo.ilouutiset.fi\/wp-content\/uploads\/2025\/12\/henki-sielu-ja-ruumis.aac\"><\/audio><\/figure>\n<\/div>\n<\/div>\n\n\n\n<div class=\"wp-block-columns is-layout-flex wp-container-core-columns-is-layout-9d6595d7 wp-block-columns-is-layout-flex\">\n<div class=\"wp-block-column is-layout-flow wp-block-column-is-layout-flow\">\n<h2 class=\"wp-block-heading\">Jumalan johdatuksesta<\/h2>\n\n\n\n<h3 class=\"wp-block-heading\">Kesto: 10:12<\/h3>\n\n\n\n<p>Miten Jumala johdattaa meit\u00e4? Miten voimme tunnistaa H\u00e4nen \u00e4\u00e4nens\u00e4 ja tahtonsa? T\u00e4m\u00e4 opetus k\u00e4sittelee k\u00e4yt\u00e4nn\u00f6n kysymyksi\u00e4 siit\u00e4, kuinka uskova voi seurata Jumalan johdatusta arjessaan ja tehd\u00e4 p\u00e4\u00e4t\u00f6ksi\u00e4 uskossa.<\/p>\n\n\n\n<figure class=\"wp-block-audio\"><audio controls src=\"https:\/\/demo.ilouutiset.fi\/wp-content\/uploads\/2025\/12\/jumalan-johdatuksesta-1.aac\"><\/audio><\/figure>\n<\/div>\n\n\n\n<div class=\"wp-block-column is-layout-flow wp-block-column-is-layout-flow\">\n<h2 class=\"wp-block-heading\">Jumalan sana on voimakas<\/h2>\n\n\n\n<h3 class=\"wp-block-heading\">Kesto: 13:02<\/h3>\n\n\n\n<p>Raamattu ei ole vain muinainen kirja &#8211; se on el\u00e4v\u00e4 ja voimallinen Jumalan Sana. T\u00e4m\u00e4 opetus avaa Raamatun erityist\u00e4 luonnetta ja sen voimaa muuttaa ihmisten el\u00e4m\u00e4\u00e4. L\u00f6yd\u00e4 uutta arvostusta Jumalan Sanalle ja sen merkitykselle.<\/p>\n\n\n\n<figure class=\"wp-block-audio\"><audio controls src=\"https:\/\/demo.ilouutiset.fi\/wp-content\/uploads\/2025\/12\/jumalan-sana-on-voimakas.aac\"><\/audio><\/figure>\n<\/div>\n<\/div>\n\n\n\n<div class=\"wp-block-columns is-layout-flex wp-container-core-columns-is-layout-9d6595d7 wp-block-columns-is-layout-flex\">\n<div class=\"wp-block-column is-layout-flow wp-block-column-is-layout-flow\">\n<h2 class=\"wp-block-heading\">Kokemuksia kasteesta<\/h2>\n\n\n\n<h3 class=\"wp-block-heading\">Kesto: 11:13<\/h3>\n\n\n\n<p>Henkil\u00f6kohtaisia todistuksia ja kokemuksia kasteesta. Kuulet, miten t\u00e4m\u00e4 kristillinen sakramentti on vaikuttanut ihmisten el\u00e4m\u00e4\u00e4n ja mit\u00e4 kaste merkitsee uskoville. Koskettavia ja rohkaisevia tarinoita uskosta ja uudesta el\u00e4m\u00e4st\u00e4.<\/p>\n\n\n\n<figure class=\"wp-block-audio\"><audio controls src=\"https:\/\/demo.ilouutiset.fi\/wp-content\/uploads\/2025\/12\/kokemuksia-kasteesta-1.aac\"><\/audio><\/figure>\n<\/div>\n\n\n\n<div class=\"wp-block-column is-layout-flow wp-block-column-is-layout-flow\">\n<h2 class=\"wp-block-heading\">Miksi erosin vapaamuurareista<\/h2>\n\n\n\n<h3 class=\"wp-block-heading\">Kesto: 10:31<\/h3>\n\n\n\n<p>Henkil\u00f6kohtainen todistus vapaamuurariuden j\u00e4tt\u00e4misest\u00e4. T\u00e4m\u00e4 tallenne k\u00e4sittelee vapaamuurariutta ja sen suhdetta kristinuskoon. Miksi uskova p\u00e4\u00e4tti erota vapaamuurareista? Suora ja rehellinen kertomus henkil\u00f6kohtaisesta p\u00e4\u00e4t\u00f6ksest\u00e4.<\/p>\n\n\n\n<figure class=\"wp-block-audio\"><audio controls src=\"https:\/\/demo.ilouutiset.fi\/wp-content\/uploads\/2025\/12\/miksi-erosin-vapaamuurareista-3.aac\"><\/audio><\/figure>\n<\/div>\n<\/div>\n\n\n\n<div class=\"wp-block-columns is-layout-flex wp-container-core-columns-is-layout-9d6595d7 wp-block-columns-is-layout-flex\">\n<div class=\"wp-block-column is-layout-flow wp-block-column-is-layout-flow\">\n<h2 class=\"wp-block-heading\">Presidentti ja Pride<\/h2>\n\n\n\n<h3 class=\"wp-block-heading\">Kesto: 10:49<\/h3>\n\n\n\n<p>Ajankohtainen kommentti, joka k\u00e4sittelee presidentin osallistumista Pride-tapahtumiin. T\u00e4m\u00e4 tallenne tarjoaa kristillisen n\u00e4k\u00f6kulman yhteiskunnalliseen keskusteluun ja kannustaa pohtimaan, mik\u00e4 on kirkon ja yksitt\u00e4isen uskovaisen rooli t\u00e4ss\u00e4 kysymyksess\u00e4.<\/p>\n\n\n\n<figure class=\"wp-block-audio\"><audio controls src=\"https:\/\/demo.ilouutiset.fi\/wp-content\/uploads\/2025\/12\/presidentti-ja-pride.aac\"><\/audio><\/figure>\n<\/div>\n\n\n\n<div class=\"wp-block-column is-layout-flow wp-block-column-is-layout-flow\">\n<h2 class=\"wp-block-heading\">Reseptej\u00e4 Raamatusta<\/h2>\n\n\n\n<h3 class=\"wp-block-heading\">Kesto: 11:27<\/h3>\n\n\n\n<p>Raamattu on t\u00e4ynn\u00e4 k\u00e4yt\u00e4nn\u00f6n viisautta el\u00e4m\u00e4\u00e4n. T\u00e4m\u00e4 opetus esittelee &#8221;reseptej\u00e4&#8221; &#8211; konkreettisia ohjeita ja periaatteita &#8211; joita Raamatusta l\u00f6ytyy arkiel\u00e4m\u00e4n eri tilanteisiin. L\u00f6yd\u00e4 Jumalan Sanan k\u00e4yt\u00e4nn\u00f6llinen viisaus omaan el\u00e4m\u00e4\u00e4si.<\/p>\n\n\n\n<figure class=\"wp-block-audio\"><audio controls src=\"https:\/\/demo.ilouutiset.fi\/wp-content\/uploads\/2025\/12\/resepteja-raamatusta.aac\"><\/audio><\/figure>\n<\/div>\n<\/div>\n\n\n\n<div class=\"wp-block-columns is-layout-flex wp-container-core-columns-is-layout-9d6595d7 wp-block-columns-is-layout-flex\">\n<div class=\"wp-block-column is-layout-flow wp-block-column-is-layout-flow\">\n<h2 class=\"wp-block-heading\">Sanojen voima<\/h2>\n\n\n\n<h3 class=\"wp-block-heading\">Kesto: 10:06<\/h3>\n\n\n\n<p>Sanamme eiv\u00e4t ole merkityksett\u00f6mi\u00e4 &#8211; niill\u00e4 on todellinen voima. T\u00e4m\u00e4 opetus k\u00e4sittelee sit\u00e4, miten puheemme vaikuttaa sek\u00e4 meihin itseemme ett\u00e4 ymp\u00e4rill\u00e4mme oleviin ihmisiin. Opi k\u00e4ytt\u00e4m\u00e4\u00e4n sanojesi voimaa rakentavasti.<\/p>\n\n\n\n<figure class=\"wp-block-audio\"><audio controls src=\"https:\/\/demo.ilouutiset.fi\/wp-content\/uploads\/2025\/12\/sanojen-voima.aac\"><\/audio><\/figure>\n<\/div>\n\n\n\n<div class=\"wp-block-column is-layout-flow wp-block-column-is-layout-flow\">\n<h2 class=\"wp-block-heading\">Usko ja uskoontulo<\/h2>\n\n\n\n<h3 class=\"wp-block-heading\">Kesto: 9:03<\/h3>\n\n\n\n<p>Miten ihminen tulee uskoon? Mit\u00e4 usko oikeastaan on? T\u00e4m\u00e4 opetus k\u00e4sittelee uskon synty\u00e4 ja luonnetta. Selke\u00e4 ja ymm\u00e4rrett\u00e4v\u00e4 esitys siit\u00e4, mit\u00e4 tarkoittaa uskoa Jumalaan ja tulla kristityksi.<\/p>\n\n\n\n<figure class=\"wp-block-audio\"><audio controls src=\"https:\/\/demo.ilouutiset.fi\/wp-content\/uploads\/2025\/12\/usko-ja-uskoontulo.aac\"><\/audio><\/figure>\n<\/div>\n<\/div>\n\n\n\n<div class=\"wp-block-columns is-layout-flex wp-container-core-columns-is-layout-9d6595d7 wp-block-columns-is-layout-flex\">\n<div class=\"wp-block-column is-layout-flow wp-block-column-is-layout-flow\">\n<h2 class=\"wp-block-heading\">Usko vai uskonnollisuus<\/h2>\n\n\n\n<h3 class=\"wp-block-heading\">Kesto: 9:38<\/h3>\n\n\n\n<p>Mik\u00e4 on ero aidon uskon ja pelk\u00e4n uskonnollisuuden v\u00e4lill\u00e4? T\u00e4m\u00e4 tallenne erottaa toisistaan el\u00e4v\u00e4n uskosuhteen Jumalaan ja ulkokohtaisen uskonnon harjoittamisen. Haastava ja t\u00e4rke\u00e4 opetus aidosta kristillisyydest\u00e4.<\/p>\n\n\n\n<figure class=\"wp-block-audio\"><audio controls src=\"https:\/\/demo.ilouutiset.fi\/wp-content\/uploads\/2025\/12\/usko-vai-uskonnollisuus.aac\"><\/audio><\/figure>\n<\/div>\n<\/div>\n\n\n\n<div class=\"wp-block-columns is-layout-flex wp-container-core-columns-is-layout-9d6595d7 wp-block-columns-is-layout-flex\">\n<div class=\"wp-block-column is-vertically-aligned-center is-layout-flow wp-block-column-is-layout-flow\">\n<h2 class=\"wp-block-heading has-text-align-center\">Sanomaa itsen\u00e4isen Suomen johdolle<\/h2>\n\n\n\n<center><iframe loading=\"lazy\" src=\"https:\/\/www.facebook.com\/plugins\/video.php?height=314&#038;href=https%3A%2F%2Fwww.facebook.com%2Freel%2F836942882280993%2F&#038;show_text=false&#038;width=560&#038;t=0\" width=\"560\" height=\"314\" style=\"border:none;overflow:hidden\" scrolling=\"no\" frameborder=\"0\" allowfullscreen=\"true\" allow=\"autoplay; clipboard-write; encrypted-media; picture-in-picture; web-share\" allowFullScreen=\"true\"><\/iframe><\/center>\n<\/div>\n<\/div>\n\n\n\n<p><\/p>\n","protected":false},"excerpt":{"rendered":"<p>Lyhyit\u00e4, kannustavia puheenvuoroja kuunneltavissa miss\u00e4 tahansa. Kaikki tallenteet ovat suomenkielisi\u00e4 kristillisi\u00e4 opetuksia ja puheenvuoroja, jotka k\u00e4sittelev\u00e4t uskoa, hengellisyytt\u00e4 ja ajankohtaisia aiheita. Anteeksiantaminen Kesto: 9:32 Anteeksiantaminen on yksi kristillisen uskon keskeisist\u00e4 teemoista. T\u00e4m\u00e4 opetus k\u00e4sittelee sek\u00e4 Jumalan meille antamaa anteeksiantoa ett\u00e4 sit\u00e4, miten meid\u00e4n tulee antaa anteeksi toisillemme. Syvenn\u00e4 ymm\u00e4rryst\u00e4si t\u00e4st\u00e4 vapauttavasta periaatteesta. Antaminen (9:21) Kesto:&hellip;&nbsp;<a href=\"https:\/\/demo.ilouutiset.fi\/index.php\/aanitteet\/\" rel=\"bookmark\"><span class=\"screen-reader-text\">Radio<\/span><\/a><\/p>\n","protected":false},"author":1,"featured_media":201,"parent":0,"menu_order":0,"comment_status":"closed","ping_status":"closed","template":"","meta":{"neve_meta_sidebar":"","neve_meta_container":"default","neve_meta_enable_content_width":"","neve_meta_content_width":0,"neve_meta_title_alignment":"","neve_meta_author_avatar":"","neve_post_elements_order":"","neve_meta_disable_header":"off","neve_meta_disable_footer":"","neve_meta_disable_title":"on","footnotes":""},"class_list":["post-162","page","type-page","status-publish","has-post-thumbnail","hentry"],"_links":{"self":[{"href":"https:\/\/demo.ilouutiset.fi\/index.php\/wp-json\/wp\/v2\/pages\/162","targetHints":{"allow":["GET"]}}],"collection":[{"href":"https:\/\/demo.ilouutiset.fi\/index.php\/wp-json\/wp\/v2\/pages"}],"about":[{"href":"https:\/\/demo.ilouutiset.fi\/index.php\/wp-json\/wp\/v2\/types\/page"}],"author":[{"embeddable":true,"href":"https:\/\/demo.ilouutiset.fi\/index.php\/wp-json\/wp\/v2\/users\/1"}],"replies":[{"embeddable":true,"href":"https:\/\/demo.ilouutiset.fi\/index.php\/wp-json\/wp\/v2\/comments?post=162"}],"version-history":[{"count":25,"href":"https:\/\/demo.ilouutiset.fi\/index.php\/wp-json\/wp\/v2\/pages\/162\/revisions"}],"predecessor-version":[{"id":356,"href":"https:\/\/demo.ilouutiset.fi\/index.php\/wp-json\/wp\/v2\/pages\/162\/revisions\/356"}],"wp:featuredmedia":[{"embeddable":true,"href":"https:\/\/demo.ilouutiset.fi\/index.php\/wp-json\/wp\/v2\/media\/201"}],"wp:attachment":[{"href":"https:\/\/demo.ilouutiset.fi\/index.php\/wp-json\/wp\/v2\/media?parent=162"}],"curies":[{"name":"wp","href":"https:\/\/api.w.org\/{rel}","templated":true}]}}